{"id":1022,"date":"2019-11-13T06:04:21","date_gmt":"2019-11-13T06:04:21","guid":{"rendered":"http:\/\/angio.test\/?page_id=5"},"modified":"2024-01-01T15:21:56","modified_gmt":"2024-01-01T14:21:56","slug":"angio","status":"publish","type":"page","link":"https:\/\/www.mukinjay.fr\/index.php\/angio\/","title":{"rendered":""},"content":{"rendered":"\t\t<div data-elementor-type=\"wp-page\" data-elementor-id=\"1022\" class=\"elementor elementor-1022\" data-elementor-post-type=\"page\">\n\t\t\t\t\t\t<section class=\"elementor-section elementor-top-section elementor-element elementor-element-8c922d4 elementor-section-boxed elementor-section-height-default elementor-section-height-default\" data-id=\"8c922d4\" data-element_type=\"section\">\n\t\t\t\t\t\t<div class=\"elementor-container elementor-column-gap-default\">\n\t\t\t\t\t<div class=\"elementor-column elementor-col-100 elementor-top-column elementor-element elementor-element-27fb2ef\" data-id=\"27fb2ef\" data-element_type=\"column\">\n\t\t\t<div class=\"elementor-widget-wrap elementor-element-populated\">\n\t\t\t\t\t\t<div class=\"elementor-element elementor-element-0cc2f89 elementor-widget elementor-widget-image\" data-id=\"0cc2f89\" data-element_type=\"widget\" data-widget_type=\"image.default\">\n\t\t\t\t<div class=\"elementor-widget-container\">\n\t\t\t\t\t\t\t\t\t\t\t\t\t\t\t<img fetchpriority=\"high\" decoding=\"async\" width=\"1024\" height=\"73\" src=\"https:\/\/www.mukinjay.fr\/wp-content\/uploads\/2023\/07\/QSN-1024x73.png\" class=\"attachment-large size-large wp-image-1300\" alt=\"\" \/>\t\t\t\t\t\t\t\t\t\t\t\t\t\t\t<\/div>\n\t\t\t\t<\/div>\n\t\t\t\t\t<\/div>\n\t\t<\/div>\n\t\t\t\t\t<\/div>\n\t\t<\/section>\n\t\t\t\t<section class=\"elementor-section elementor-top-section elementor-element elementor-element-5a26378 elementor-section-boxed elementor-section-height-default elementor-section-height-default\" data-id=\"5a26378\" data-element_type=\"section\">\n\t\t\t\t\t\t<div class=\"elementor-container elementor-column-gap-default\">\n\t\t\t\t\t<div class=\"elementor-column elementor-col-100 elementor-top-column elementor-element elementor-element-76d04f4\" data-id=\"76d04f4\" data-element_type=\"column\">\n\t\t\t<div class=\"elementor-widget-wrap elementor-element-populated\">\n\t\t\t\t\t\t<div class=\"elementor-element elementor-element-9c3c10e elementor-widget elementor-widget-text-editor\" data-id=\"9c3c10e\" data-element_type=\"widget\" data-widget_type=\"text-editor.default\">\n\t\t\t\t<div class=\"elementor-widget-container\">\n\t\t\t\t\t\t\t\t\t<p>\u00ab\u00a0<em>Mukinjay, Mocking Jay, l&rsquo;oiseau moqueur \u00bb qu&rsquo;elle me dit. Elle arborait une broche repr\u00e9sentant un oiseau, elle \u00e9tait seule sur ce pont et tenait son parapluie fortement de peur qu&rsquo;il ne s&rsquo;envole. <em>Elle \u00e9tait immobile et fixait l&rsquo;horizon depuis un moment. <\/em>Je m&rsquo;approchais d&rsquo;elle et lui demandais ce qu&rsquo;elle faisait l\u00e0, \u00e0 une heure si tardive. \u00ab\u00a0La vie est une farce, alors, moquons-nous en, comme les moqueries du geai \u00a0\u00bb c&rsquo;\u00e9taient ses mots.<br \/><\/em><\/p>\t\t\t\t\t\t\t\t<\/div>\n\t\t\t\t<\/div>\n\t\t\t\t\t<\/div>\n\t\t<\/div>\n\t\t\t\t\t<\/div>\n\t\t<\/section>\n\t\t\t\t<section class=\"elementor-section elementor-top-section elementor-element elementor-element-cbd755d elementor-section-boxed elementor-section-height-default elementor-section-height-default\" data-id=\"cbd755d\" data-element_type=\"section\">\n\t\t\t\t\t\t<div class=\"elementor-container elementor-column-gap-default\">\n\t\t\t\t\t<div class=\"elementor-column elementor-col-100 elementor-top-column elementor-element elementor-element-0f8c12c\" data-id=\"0f8c12c\" data-element_type=\"column\">\n\t\t\t<div class=\"elementor-widget-wrap elementor-element-populated\">\n\t\t\t\t\t\t<div class=\"elementor-element elementor-element-27913d8 elementor-widget elementor-widget-image\" data-id=\"27913d8\" data-element_type=\"widget\" data-widget_type=\"image.default\">\n\t\t\t\t<div class=\"elementor-widget-container\">\n\t\t\t\t\t\t\t\t\t\t\t\t\t\t\t<img decoding=\"async\" width=\"850\" height=\"659\" src=\"https:\/\/www.mukinjay.fr\/wp-content\/uploads\/2023\/07\/mukinjayQNS.png\" class=\"attachment-large size-large wp-image-1288\" alt=\"\" \/>\t\t\t\t\t\t\t\t\t\t\t\t\t\t\t<\/div>\n\t\t\t\t<\/div>\n\t\t\t\t\t<\/div>\n\t\t<\/div>\n\t\t\t\t\t<\/div>\n\t\t<\/section>\n\t\t\t\t<section class=\"elementor-section elementor-top-section elementor-element elementor-element-d304c7d elementor-section-boxed elementor-section-height-default elementor-section-height-default\" data-id=\"d304c7d\" data-element_type=\"section\">\n\t\t\t\t\t\t<div class=\"elementor-container elementor-column-gap-default\">\n\t\t\t\t\t<div class=\"elementor-column elementor-col-100 elementor-top-column elementor-element elementor-element-eeb28f1\" data-id=\"eeb28f1\" data-element_type=\"column\">\n\t\t\t<div class=\"elementor-widget-wrap elementor-element-populated\">\n\t\t\t\t\t\t<div class=\"elementor-element elementor-element-b057ec2 elementor-widget__width-initial elementor-widget elementor-widget-text-editor\" data-id=\"b057ec2\" data-element_type=\"widget\" data-widget_type=\"text-editor.default\">\n\t\t\t\t<div class=\"elementor-widget-container\">\n\t\t\t\t\t\t\t\t\t<p>L&rsquo;histoire de MUKINJAY remonte \u00e0 2021, \u00e0 une rencontre fortuite sur un pont. MUKINJAY se distingue en tant qu&rsquo;agence de design sonore, se d\u00e9marquant de la norme actuelle. Elle se pr\u00e9sente comme une agence d&rsquo;\u00e9motion musicale, \u00e0 la qu\u00eate d&rsquo;\u00e9motions sonores uniques et distinctives. Les sources d&rsquo;inspiration de MUKINJAY \u00e9manent des caract\u00e8res et des univers artistiques et musicaux distincts, mais n\u00e9anmoins compl\u00e9mentaires, de ses deux cr\u00e9ateurs.<\/p><p>Toutes les compositions de MUKINJAY, qu&rsquo;il s&rsquo;agisse de musiques institutionnelles, de musiques de marque, de musiques de magasin, de jeux vid\u00e9o, de musiques de film, etc., cherchent humblement \u00e0 apporter du plaisir. MUKINJAY pensent que la complexit\u00e9 extr\u00eame est \u00e0 l&rsquo;oppos\u00e9 de l&rsquo;art.<\/p><p>Les deux cr\u00e9ateurs ont un parcours musical des plus \u00e9clectiques, oscillant du jazz au rap, de la pop \u00e0 la musique classique. MUKINJAY renoue avec les valeurs fondamentales de la cr\u00e9ation musicale, longtemps \u00e9clips\u00e9es par la complexification des termes et des processus. Avec MUKINJAY, pas de recettes m\u00e9thodologiques irr\u00e9alisables, de moodboards, ni de r\u00e9unions soporifiques. Car l&rsquo;aventure musicale, quelle qu&rsquo;elle soit, se fa\u00e7onne avec vous, car chaque rencontre musicale est diff\u00e9rente et unique.<\/p><div class=\"flex flex-grow flex-col max-w-full\"><div class=\"min-h-[20px] text-message flex flex-col items-start gap-3 whitespace-pre-wrap break-words [.text-message+&amp;]:mt-5 overflow-x-auto\" data-message-author-role=\"assistant\" data-message-id=\"9ff16720-0983-4db6-a353-4e98181f81f8\"><div class=\"markdown prose w-full break-words dark:prose-invert light\"><p>Fort de cette approche unique centr\u00e9e sur l&rsquo;\u00e9motion musicale, MUKINJAY s&rsquo;engage \u00e0 rompre avec les normes conventionnelles de l&rsquo;industrie. Les cr\u00e9ateurs de l&rsquo;agence estiment que la musique doit \u00eatre accessible et inclusive, loin des complexit\u00e9s qui peuvent parfois \u00e9loigner le public de cette forme d&rsquo;expression artistique.<\/p><p>Au fil de leur parcours, les deux visionnaires derri\u00e8re MUKINJAY ont constat\u00e9 que la musique transcende les fronti\u00e8res et cr\u00e9e des exp\u00e9riences inoubliables. C&rsquo;est cette conviction qui les guide dans chaque projet, qu&rsquo;il s&rsquo;agisse de donner une identit\u00e9 sonore \u00e0 une marque renomm\u00e9e, de cr\u00e9er l&rsquo;atmosph\u00e8re parfaite pour un jeu vid\u00e9o captivant, ou encore d&rsquo;apporter une touche musicale distinctive \u00e0 un film.<\/p><p>MUKINJAY se veut le reflet d&rsquo;une approche authentique et collaborative de la cr\u00e9ation musicale. Plut\u00f4t que de se perdre dans des proc\u00e9dures complexes, l&rsquo;agence pr\u00e9f\u00e8re s&rsquo;immerger dans le processus cr\u00e9atif avec ses clients. Chaque collaboration est une nouvelle aventure, un voyage musical o\u00f9 la diversit\u00e9 des influences et des id\u00e9es se marie pour cr\u00e9er quelque chose de v\u00e9ritablement sp\u00e9cial.<\/p><p>\u00c0 l&rsquo;aube de chaque projet, MUKINJAY embrasse la simplicit\u00e9 et la spontan\u00e9it\u00e9, reconnaissant que l&rsquo;art v\u00e9ritable r\u00e9side souvent dans la puret\u00e9 de l&rsquo;\u00e9motion. Ainsi, l&rsquo;agence se positionne comme un catalyseur, transformant des id\u00e9es en compositions sonores m\u00e9morables qui transcendent les attentes. MUKINJAY se distingue non seulement par sa musique, mais aussi par son approche novatrice et humaine, faisant de chaque collaboration une exp\u00e9rience \u00e0 part enti\u00e8re.<\/p><\/div><\/div><\/div><p><em>Le po\u00e8te Khalil Gibran aim\u00e9 \u00e0 dire que la musique est en effet le langage des \u00e2mes, et les m\u00e9lodies sont des brises suaves qui font vibrer les cordes du c\u0153ur. <\/em><br \/><em>Alors laissez vous emporter par les brises de MUKINJAY.<\/em><\/p>\t\t\t\t\t\t\t\t<\/div>\n\t\t\t\t<\/div>\n\t\t\t\t\t<\/div>\n\t\t<\/div>\n\t\t\t\t\t<\/div>\n\t\t<\/section>\n\t\t\t\t<section class=\"elementor-section elementor-top-section elementor-element elementor-element-d4ddc86 elementor-section-boxed elementor-section-height-default elementor-section-height-default\" data-id=\"d4ddc86\" data-element_type=\"section\">\n\t\t\t\t\t\t<div class=\"elementor-container elementor-column-gap-default\">\n\t\t\t\t\t<div class=\"elementor-column elementor-col-100 elementor-top-column elementor-element elementor-element-2b180b8\" data-id=\"2b180b8\" data-element_type=\"column\">\n\t\t\t<div class=\"elementor-widget-wrap elementor-element-populated\">\n\t\t\t\t\t\t<div class=\"elementor-element elementor-element-61d7212 elementor-widget elementor-widget-text-editor\" data-id=\"61d7212\" data-element_type=\"widget\" data-widget_type=\"text-editor.default\">\n\t\t\t\t<div class=\"elementor-widget-container\">\n\t\t\t\t\t\t\t\t\t<div style=\"white-space: pre-wrap;\">\n<p>Les deux cr\u00e9ateurs de Mukinjay ont entam\u00e9 leurs carri\u00e8res dans le domaine artistique. Tous deux passionn\u00e9s par le dessin, ils ont commenc\u00e9 leur parcours dans l&rsquo;illustration avant de consacrer une d\u00e9cennie au monde du jeu vid\u00e9o. Par la suite, ils ont \u0153uvr\u00e9 pendant plusieurs ann\u00e9es dans le graphisme publicitaire, collaborant avec d&rsquo;importants groupes du CAC40. Leur exp\u00e9rience les a amen\u00e9s \u00e0 travailler sur des projets aux c\u00f4t\u00e9s de personnalit\u00e9s telles que David Bowie, Aliz\u00e9e, Patrick Rivi\u00e8re &#8230;, ainsi que divers groupes musicaux, explorant un \u00e9ventail de styles allant de la pop au rap.<\/p>\n<p>La musique, devenant progressivement une part essentielle de leur vie, a \u00e9t\u00e9 le catalyseur de la cr\u00e9ation de Mukinjay. Ils ont ainsi d\u00e9cid\u00e9 d&rsquo;apporter leur expertise dans le domaine de la cr\u00e9ation musicale. Gr\u00e2ce \u00e0 leur parcours diversifi\u00e9, ils ma\u00eetrisent tous les aspects et processus n\u00e9cessaires pour illustrer un projet, que ce soit dans le domaine du court et du long m\u00e9trage, du jeu vid\u00e9o, du site web, du motion design ou encore du sound design.<\/p>\n<p>La confiance occupe une place centrale dans leur parcours. Forts de leur exp\u00e9rience \u00e9clectique, ils ont d\u00e9velopp\u00e9 une confiance profonde en leurs comp\u00e9tences, en leur capacit\u00e9 \u00e0 s&rsquo;adapter aux diff\u00e9rents domaines cr\u00e9atifs et \u00e0 relever les d\u00e9fis artistiques les plus complexes. Cette confiance mutuelle a \u00e9galement \u00e9t\u00e9 un pilier essentiel dans leurs collaborations avec des artistes renomm\u00e9s et des entreprises de premier plan.<\/p>\n<p>D\u00e9j\u00e0 r\u00e9compens\u00e9s pour leur travail, ils ont obtenu plusieurs distinctions tant \u00e0 l&rsquo;\u00e9tranger qu&rsquo;en France, soulignant ainsi la qualit\u00e9 et l&rsquo;originalit\u00e9 de leurs r\u00e9alisations, renfor\u00e7ant davantage la confiance plac\u00e9e en eux par leurs pairs et leur public.<\/p>\n<\/div>\t\t\t\t\t\t\t\t<\/div>\n\t\t\t\t<\/div>\n\t\t\t\t\t<\/div>\n\t\t<\/div>\n\t\t\t\t\t<\/div>\n\t\t<\/section>\n\t\t\t\t<section class=\"elementor-section elementor-top-section elementor-element elementor-element-e8963b6 elementor-section-boxed elementor-section-height-default elementor-section-height-default\" data-id=\"e8963b6\" data-element_type=\"section\">\n\t\t\t\t\t\t<div class=\"elementor-container elementor-column-gap-default\">\n\t\t\t\t\t<div class=\"elementor-column elementor-col-25 elementor-top-column elementor-element elementor-element-ee29885\" data-id=\"ee29885\" data-element_type=\"column\">\n\t\t\t<div class=\"elementor-widget-wrap elementor-element-populated\">\n\t\t\t\t\t\t<div class=\"elementor-element elementor-element-dc65186 elementor-widget elementor-widget-image\" data-id=\"dc65186\" data-element_type=\"widget\" data-widget_type=\"image.default\">\n\t\t\t\t<div class=\"elementor-widget-container\">\n\t\t\t\t\t\t\t\t\t\t\t\t\t\t\t<img decoding=\"async\" width=\"1024\" height=\"791\" src=\"https:\/\/www.mukinjay.fr\/wp-content\/uploads\/2023\/11\/Best-Original-Score-1024x791.jpg\" class=\"attachment-large size-large wp-image-1418\" alt=\"\" \/>\t\t\t\t\t\t\t\t\t\t\t\t\t\t\t<\/div>\n\t\t\t\t<\/div>\n\t\t\t\t\t<\/div>\n\t\t<\/div>\n\t\t\t\t<div class=\"elementor-column elementor-col-25 elementor-top-column elementor-element elementor-element-0c86e4e\" data-id=\"0c86e4e\" data-element_type=\"column\">\n\t\t\t<div class=\"elementor-widget-wrap elementor-element-populated\">\n\t\t\t\t\t\t<div class=\"elementor-element elementor-element-4288fbd elementor-widget elementor-widget-image\" data-id=\"4288fbd\" data-element_type=\"widget\" data-widget_type=\"image.default\">\n\t\t\t\t<div class=\"elementor-widget-container\">\n\t\t\t\t\t\t\t\t\t\t\t\t\t\t\t<img loading=\"lazy\" decoding=\"async\" width=\"1024\" height=\"736\" src=\"https:\/\/www.mukinjay.fr\/wp-content\/uploads\/2023\/11\/best_sxore-1024x736.png\" class=\"attachment-large size-large wp-image-1417\" alt=\"\" \/>\t\t\t\t\t\t\t\t\t\t\t\t\t\t\t<\/div>\n\t\t\t\t<\/div>\n\t\t\t\t\t<\/div>\n\t\t<\/div>\n\t\t\t\t<div class=\"elementor-column elementor-col-25 elementor-top-column elementor-element elementor-element-94ba5cf\" data-id=\"94ba5cf\" data-element_type=\"column\">\n\t\t\t<div class=\"elementor-widget-wrap elementor-element-populated\">\n\t\t\t\t\t\t<div class=\"elementor-element elementor-element-de741e0 elementor-widget elementor-widget-image\" data-id=\"de741e0\" data-element_type=\"widget\" data-widget_type=\"image.default\">\n\t\t\t\t<div class=\"elementor-widget-container\">\n\t\t\t\t\t\t\t\t\t\t\t\t\t\t\t<img loading=\"lazy\" decoding=\"async\" width=\"1024\" height=\"680\" src=\"https:\/\/www.mukinjay.fr\/wp-content\/uploads\/2023\/11\/abuja-1024x680.png\" class=\"attachment-large size-large wp-image-1416\" alt=\"\" \/>\t\t\t\t\t\t\t\t\t\t\t\t\t\t\t<\/div>\n\t\t\t\t<\/div>\n\t\t\t\t\t<\/div>\n\t\t<\/div>\n\t\t\t\t<div class=\"elementor-column elementor-col-25 elementor-top-column elementor-element elementor-element-6a04570\" data-id=\"6a04570\" data-element_type=\"column\">\n\t\t\t<div class=\"elementor-widget-wrap elementor-element-populated\">\n\t\t\t\t\t\t<div class=\"elementor-element elementor-element-c114875 elementor-widget elementor-widget-image\" data-id=\"c114875\" data-element_type=\"widget\" data-widget_type=\"image.default\">\n\t\t\t\t<div class=\"elementor-widget-container\">\n\t\t\t\t\t\t\t\t\t\t\t\t\t\t\t<img loading=\"lazy\" decoding=\"async\" width=\"1024\" height=\"768\" src=\"https:\/\/www.mukinjay.fr\/wp-content\/uploads\/2023\/09\/19_BEST-ORIGINAL-SCORE--1024x768.png\" class=\"attachment-large size-large wp-image-1386\" alt=\"\" \/>\t\t\t\t\t\t\t\t\t\t\t\t\t\t\t<\/div>\n\t\t\t\t<\/div>\n\t\t\t\t\t<\/div>\n\t\t<\/div>\n\t\t\t\t\t<\/div>\n\t\t<\/section>\n\t\t\t\t<\/div>\n\t\t","protected":false},"excerpt":{"rendered":"<p>\u00ab\u00a0Mukinjay, Mocking Jay, l&rsquo;oiseau moqueur \u00bb qu&rsquo;elle me dit. Elle arborait une broche repr\u00e9sentant un oiseau, elle \u00e9tait seule sur ce pont et tenait son parapluie fortement de peur qu&rsquo;il ne s&rsquo;envole. Elle \u00e9tait immobile et fixait l&rsquo;horizon depuis un moment. Je m&rsquo;approchais d&rsquo;elle et lui demandais ce qu&rsquo;elle faisait l\u00e0, \u00e0 une heure si [&hellip;]<\/p>\n","protected":false},"author":1,"featured_media":0,"parent":0,"menu_order":0,"comment_status":"closed","ping_status":"closed","template":"","meta":{"footnotes":""},"class_list":["post-1022","page","type-page","status-publish","hentry"],"_links":{"self":[{"href":"https:\/\/www.mukinjay.fr\/index.php\/wp-json\/wp\/v2\/pages\/1022","targetHints":{"allow":["GET"]}}],"collection":[{"href":"https:\/\/www.mukinjay.fr\/index.php\/wp-json\/wp\/v2\/pages"}],"about":[{"href":"https:\/\/www.mukinjay.fr\/index.php\/wp-json\/wp\/v2\/types\/page"}],"author":[{"embeddable":true,"href":"https:\/\/www.mukinjay.fr\/index.php\/wp-json\/wp\/v2\/users\/1"}],"replies":[{"embeddable":true,"href":"https:\/\/www.mukinjay.fr\/index.php\/wp-json\/wp\/v2\/comments?post=1022"}],"version-history":[{"count":109,"href":"https:\/\/www.mukinjay.fr\/index.php\/wp-json\/wp\/v2\/pages\/1022\/revisions"}],"predecessor-version":[{"id":1482,"href":"https:\/\/www.mukinjay.fr\/index.php\/wp-json\/wp\/v2\/pages\/1022\/revisions\/1482"}],"wp:attachment":[{"href":"https:\/\/www.mukinjay.fr\/index.php\/wp-json\/wp\/v2\/media?parent=1022"}],"curies":[{"name":"wp","href":"https:\/\/api.w.org\/{rel}","templated":true}]}}