{"id":2,"date":"2023-07-14T11:38:28","date_gmt":"2023-07-14T09:38:28","guid":{"rendered":"http:\/\/mukinjay.fr\/?page_id=2"},"modified":"2023-12-19T00:10:07","modified_gmt":"2023-12-18T23:10:07","slug":"page-d-exemple","status":"publish","type":"page","link":"https:\/\/www.mukinjay.fr\/index.php\/page-d-exemple\/","title":{"rendered":""},"content":{"rendered":"<figure class=\"wp-block-image size-large\"><img fetchpriority=\"high\" decoding=\"async\" width=\"1024\" height=\"73\" src=\"http:\/\/www.mukinjay.fr\/wp-content\/uploads\/2023\/07\/services-1024x73.png\" alt=\"\" class=\"wp-image-1311\"\/><\/figure><p><\/p><p>MUKINJAY vous accompagne dans toutes vos cr\u00e9ations musicale<\/p><blockquote class=\"wp-block-quote is-layout-flow wp-block-quote-is-layout-flow\"><p>MUSIQUE DE FILM, COURTS METRAGES<\/p><\/blockquote><p>Nous composons la musique ad\u00e9quate \u00e0 votre projet quelqu&rsquo;il soit (film, publicit\u00e9, jingle, jeux vid\u00e9o, musique d&rsquo;ambiance<\/p><blockquote class=\"wp-block-quote is-layout-flow wp-block-quote-is-layout-flow\"><p>MUSIQUE CORPORATE, MUSIQUE DE MARQUES<\/p>\n\n<p><\/p><\/blockquote><p>La conception d\u2019une signature et identit\u00e9 sonore \u00e0 l\u2019image de votre entreprise et de votre besoin<\/p><blockquote class=\"wp-block-quote is-layout-flow wp-block-quote-is-layout-flow\"><p>MUSIQUE JEUX VIDEOS, SOUND DESIGN<\/p><\/blockquote><p>Concevoir ensemble votre identiti\u00e9 sonore<\/p><p><em>Intrigu\u00e9 par ses paroles \u00e9nigmatiques, je m&rsquo;assis \u00e0 ses c\u00f4t\u00e9s sur le pont. Le ciel nocturne \u00e9tait parsem\u00e9 d&rsquo;\u00e9toiles, et le doux murmure de la rivi\u00e8re en contrebas ajoutait une touche de s\u00e9r\u00e9nit\u00e9 \u00e0 l&rsquo;instant. Elle esquissa un sourire et me tendit une broche similaire \u00e0 la sienne, orn\u00e9e de l&rsquo;oiseau moqueur.<\/em><\/p><p><em>\u00ab\u00a0Je m&rsquo;appelle Elysia\u00a0\u00bb, dit-elle, \u00ab\u00a0et Mukinjay, c&rsquo;est l&rsquo;expression de ma r\u00e9bellion musicale. Mocking Jay, l&rsquo;oiseau moqueur, symbolise la libert\u00e9 d&rsquo;exprimer sa voix, de se moquer des normes \u00e9tablies et de cr\u00e9er quelque chose de beau dans la moquerie m\u00eame de la vie.\u00a0\u00bb<\/em><\/p><p><em>Curieux, je lui demandai comment elle \u00e9tait arriv\u00e9e \u00e0 cette vision singuli\u00e8re de la musique. Elysia se mit \u00e0 raconter son histoire, \u00e9voquant son amour pour la diversit\u00e9 musicale et son d\u00e9sir de transcender les barri\u00e8res entre les genres. Elle avait d\u00e9cid\u00e9 de cr\u00e9er Mukinjay comme un sanctuaire pour les esprits cr\u00e9atifs audacieux, o\u00f9 la musique pouvait \u00eatre une c\u00e9l\u00e9bration de la diff\u00e9rence plut\u00f4t qu&rsquo;une conformit\u00e9 \u00e0 des normes pr\u00e9\u00e9tablies.<br>Au fil de notre conversation, la pluie commen\u00e7a \u00e0 tomber, mais Elysia ne sembla pas s&rsquo;en soucier. Elle ouvrit son parapluie, r\u00e9v\u00e9lant des motifs color\u00e9s qui semblaient danser au rythme de la pluie. \u00ab\u00a0La vie est une symphonie impr\u00e9visible\u00a0\u00bb, me dit-elle. \u00ab\u00a0Les notes de la pluie qui tombent sont aussi importantes que les m\u00e9lodies enjou\u00e9es du soleil.\u00a0\u00bb<br>Alors que la pluie persistait, Elysia se leva lentement, laissant sa broche de l&rsquo;oiseau moqueur dans ma main. Elle murmura un simple \u00ab\u00a0La vie est une symphonie impr\u00e9visible\u00a0\u00bb et s&rsquo;\u00e9loigna, disparaissant peu \u00e0 peu dans l&rsquo;obscurit\u00e9. Le son de ses pas se m\u00eala \u00e0 la m\u00e9lodie de la pluie, et bient\u00f4t, elle devint une silhouette indistincte sur le pont.<\/em><\/p><p><em>Je restai l\u00e0, tenant la broche avec fascination, contemplant la rivi\u00e8re refl\u00e9tant la lueur des lampadaires. La myst\u00e9rieuse rencontre avec Elysia et la naissance de Mukinjay semblaient \u00eatre le d\u00e9but d&rsquo;une histoire musicale encore inexplor\u00e9e. L&rsquo;oiseau moqueur, symbole de la libert\u00e9 cr\u00e9ative, me rappelait que la musique pouvait transcender les fronti\u00e8res d<\/em>u connu.<\/p><p><em>Alors que je regardais la pluie cr\u00e9er des ondulations sur la surface de l&rsquo;eau, je sentis une \u00e9trange connexion avec cette aventure musicale en devenir. Mukinjay, avec son esprit audacieux et sa philosophie de la cr\u00e9ativit\u00e9 sans entraves, s&rsquo;\u00e9tait inscrit dans le fil de ma propre histoire. Et bien que la nuit soit d\u00e9sormais silencieuse sans la pr\u00e9sence d&rsquo;Elysia, l&rsquo;\u00e9cho de ses paroles r\u00e9sonnait comme une m\u00e9lodie persistante dans l&rsquo;air humide.<\/em><\/p>","protected":false},"excerpt":{"rendered":"<p>MUKINJAY vous accompagne dans toutes vos cr\u00e9ations musicale MUSIQUE DE FILM, COURTS METRAGES Nous composons la musique ad\u00e9quate \u00e0 votre projet quelqu&rsquo;il soit (film, publicit\u00e9, jingle, jeux vid\u00e9o, musique d&rsquo;ambiance MUSIQUE CORPORATE, MUSIQUE DE MARQUES La conception d\u2019une signature et identit\u00e9 sonore \u00e0 l\u2019image de votre entreprise et de votre besoin MUSIQUE JEUX VIDEOS, SOUND [&hellip;]<\/p>\n","protected":false},"author":1,"featured_media":0,"parent":0,"menu_order":0,"comment_status":"closed","ping_status":"open","template":"","meta":{"footnotes":""},"class_list":["post-2","page","type-page","status-publish","hentry"],"_links":{"self":[{"href":"https:\/\/www.mukinjay.fr\/index.php\/wp-json\/wp\/v2\/pages\/2","targetHints":{"allow":["GET"]}}],"collection":[{"href":"https:\/\/www.mukinjay.fr\/index.php\/wp-json\/wp\/v2\/pages"}],"about":[{"href":"https:\/\/www.mukinjay.fr\/index.php\/wp-json\/wp\/v2\/types\/page"}],"author":[{"embeddable":true,"href":"https:\/\/www.mukinjay.fr\/index.php\/wp-json\/wp\/v2\/users\/1"}],"replies":[{"embeddable":true,"href":"https:\/\/www.mukinjay.fr\/index.php\/wp-json\/wp\/v2\/comments?post=2"}],"version-history":[{"count":15,"href":"https:\/\/www.mukinjay.fr\/index.php\/wp-json\/wp\/v2\/pages\/2\/revisions"}],"predecessor-version":[{"id":1478,"href":"https:\/\/www.mukinjay.fr\/index.php\/wp-json\/wp\/v2\/pages\/2\/revisions\/1478"}],"wp:attachment":[{"href":"https:\/\/www.mukinjay.fr\/index.php\/wp-json\/wp\/v2\/media?parent=2"}],"curies":[{"name":"wp","href":"https:\/\/api.w.org\/{rel}","templated":true}]}}